{"id":23,"date":"2014-06-20T19:10:44","date_gmt":"2014-06-20T17:10:44","guid":{"rendered":"http:\/\/www.alma.de\/de\/?page_id=23"},"modified":"2026-04-21T14:39:58","modified_gmt":"2026-04-21T12:39:58","slug":"impressum","status":"publish","type":"page","link":"https:\/\/www.alma.de\/de\/impressum\/","title":{"rendered":"Impressum"},"content":{"rendered":"\n\t\t\t\t<p class=\"rs-p-wp-fix\"><\/p>\n\t\t\t\t<sr7-module data-alias=\"impressum\" data-id=\"4\" id=\"SR7_4_1\" class=\"rs-ov-hidden\" data-version=\"6.7.54\">\n\t\t\t\t\t<sr7-adjuster><\/sr7-adjuster>\n\t\t\t\t\t<sr7-content>\n\t\t\t\t\t\t<sr7-slide id=\"SR7_4_1-7\" data-key=\"7\">\n\t\t\t\t\t\t\t<sr7-bg id=\"SR7_4_1-7-1\" class=\"sr7-layer\"><noscript><img decoding=\"async\" src=\"http:\/\/www.alma.de\/de\/wp-content\/uploads\/sites\/2\/2014\/07\/alma_space0011.png\" alt=\"\" title=\"Impressum\"><\/noscript><\/sr7-bg>\n\t\t\t\t\t\t\t<sr7-txt id=\"SR7_4_1-7-0\" class=\"sr7-layer\">IMPRESSUM<\/sr7-txt>\n\t\t\t\t\t\t<\/sr7-slide>\n\t\t\t\t\t\t<sr7-slide id=\"SR7_4_1-32\" data-key=\"32\">\n\t\t\t\t\t\t<\/sr7-slide>\n\t\t\t\t\t<\/sr7-content>\n\t\t\t\t\t<image_lists style=\"display:none\">\n\t\t\t\t\t\t<img data-src=\"\/\/www.alma.de\/de\/wp-content\/uploads\/sites\/2\/2014\/07\/alma_space0011.png\" width=\"0\" height=\"0\" data-dbsrc=\"Ly93d3cuYWxtYS5kZS9kZS93cC1jb250ZW50L3VwbG9hZHMvc2l0ZXMvMi8yMDE0LzA3L2FsbWFfc3BhY2UwMDExLnBuZw==\"\/>\n\t\t\t\t\t<\/image_lists>\n\t\t\t\t<\/sr7-module>\n\t\t\t\t<script>\n\t\t\t\t\twindow.SR7 ??={};SR7.PMH ??={}; SR7.PMH[\"SR7_4_1\"] = {cn:100,state:false,fn: function() { if (window._tpt!==undefined && window._tpt.prepareModuleHeight !== undefined) {  _tpt.prepareModuleHeight({id:\"SR7_4_1\",el:[500,500,768,960,720],type:'hero',shdw:'0',gh:[500,500,445,338,209],gw:[1150,1150,1024,778,480],vpt:['-100px'],size:{fullWidth:false, fullHeight:false},mh:'0',onh:0,onw:0,bg:{color:'{\"type\":\"solid\",\"orig\":\"#ffffff\",\"string\":\"rgba(255, 255, 255, 1)\"}'},plType:'5',plColor:'#FFFFFF'});   SR7.PMH[\"SR7_4_1\"].state=true;} else if(SR7.PMH[\"SR7_4_1\"].cn-->0)\tsetTimeout( SR7.PMH[\"SR7_4_1\"].fn,19);}};SR7.PMH[\"SR7_4_1\" ].fn();\n\t\t\t\t<\/script>\n\n<p><span style=\"color: #ffffff;\">.<\/span><\/p>\n<p><span style=\"color: #ffffff;\">.<\/span><\/p>\n<h1>Impressum<\/h1>\n<h3><\/h3>\n<h3>(Angaben gem\u00e4\u00df \u00a7 5 TMG)<\/h3>\n<p><strong><br \/>\nalma<br \/>\n<\/strong><\/p>\n<p><strong>Kontakt:<\/strong><br \/>\nLeufgensstr. 5<br \/>\n41066 M\u00f6nchengladbach<br \/>\nDeutschland<\/p>\n<p><strong>Telefon:<\/strong> +49 (0) 2161 67 83 66 \u2013 0<br \/>\n<strong>Telefax:<\/strong> +49 (0) 2161 67 83 66 \u2013 1<\/p>\n<p><strong>E-Mail:<\/strong> <a href=\"mailto:info@alma.de\">info@alma.de<\/a><br \/>\n<strong>Internetseite:<\/strong> <a href=\"http:\/\/www.alma.de\/\">http:\/\/www.alma.de<\/a><\/p>\n<p><strong>Inhaber:<br \/>\n<\/strong>Mehmet Alma<\/p>\n<p><strong>Online-Streitbeilegung:<br \/>\n<\/strong>Online-Streitbeilegung gem\u00e4\u00df Art. 14 Abs. 1 ODR-VO: Die Europ\u00e4ische Kommission stellt eine Plattform zur Online-Streitbeilegung (OS) bereit, die der Kunde unter http:\/\/ec.europa.eu\/consumers\/odr\/ findet.<\/p>\n<p>Wir sind nicht verpflichtet und nicht bereit, an Streitbeilegungsverfahren vor einer Verbraucherschlichtungsstelle teilzunehmen.<\/p>\n<p><strong>EG-Umsatzsteuer ID:<br \/>\n<\/strong>DE813451529 (Umsatzsteuer-Identifikationsnummer gem\u00e4\u00df \u00a727a Umsatzsteuergesetz)<\/p>\n<p><strong>Verantwortlicher f\u00fcr den Inhalt ist gem\u00e4\u00df \u00a7 55 Abs. 2 Rundfunkstaatsvertrag (RStV):<br \/>\n<\/strong>Mehmet Alma<br \/>\nLeufgensstr. 5<br \/>\n41066 M\u00f6nchengladbach<br \/>\nDeutschland<\/p>\n<p><strong>Ansprechperson:<\/strong><br \/>\nHerr Mehmet Alma<\/p>\n<p><strong>Marken:<br \/>\n<\/strong>Die Wort- und Bild-Marken von alma sind urheberrechtlich gesch\u00fctzt.<\/p>\n<table width=\"0\">\n<tbody>\n<tr>\n<td width=\"&quot;306\"><strong>Bildrechte:<br \/>\n<\/strong><\/td>\n<td width=\"299\"><\/td>\n<\/tr>\n<tr>\n<td width=\"306\">\u00a9 Beboy \u2013 Fotolia.com<\/td>\n<td width=\"299\">\u00a9 DavidArts \u2013 Fotolia.com<\/td>\n<\/tr>\n<tr>\n<td width=\"306\">\u00a9 DeVIce \u2013 Fotolia.com<\/td>\n<td width=\"299\">\u00a9 Fenton \u2013 Fotolia.com<\/td>\n<\/tr>\n<tr>\n<td width=\"306\">\u00a9 Julien Eichinger \u2013 Fotolia.com<\/td>\n<td width=\"299\">\u00a9 J\u00fcrgen Priewe \u2013 Fotolia.com<\/td>\n<\/tr>\n<tr>\n<td width=\"306\">\u00a9 Kirill Kedrinski \u2013 Fotolia.com<\/td>\n<td width=\"299\">\u00a9 Maksim Kabakou \u2013 Fotolia.com<\/td>\n<\/tr>\n<tr>\n<td width=\"306\">\u00a9 Marco2811 \u2013 Fotolia.com<\/td>\n<td width=\"299\">\u00a9 microworks \u2013 Fotolia.com<\/td>\n<\/tr>\n<tr>\n<td width=\"306\">\u00a9 Nmedia \u2013 Fotolia.com<\/td>\n<td width=\"299\">\u00a9 Pixel \u2013 Fotolia.com<\/td>\n<\/tr>\n<tr>\n<td width=\"306\">\u00a9 pressmaster \u2013 Fotolia.com<\/td>\n<td width=\"299\">\u00a9 pro motion pic \u2013 Fotolia.com<\/td>\n<\/tr>\n<tr>\n<td width=\"306\">\u00a9 S.John \u2013 Fotolia.com<\/td>\n<td width=\"299\">\u00a9 Sergey Nivens \u2013 Fotolia.com<\/td>\n<\/tr>\n<tr>\n<td width=\"306\">\u00a9 somchaij- Fotolia.com<\/td>\n<td width=\"299\">\u00a9 Spectral-Design \u2013 Fotolia.com<\/td>\n<\/tr>\n<tr>\n<td width=\"306\">\u00a9 Tanusha \u2013 Fotolia.com<\/td>\n<td width=\"299\">\u00a9 Torbz \u2013 Fotolia.com<\/td>\n<\/tr>\n<tr>\n<td width=\"306\">\u00a9 tuulijumala \u2013 Fotolia.com<\/td>\n<td width=\"299\">\u00a9 Warakorn \u2013 Fotolia.com<\/td>\n<\/tr>\n<tr>\n<td width=\"306\">\u00a9 yurolaitsalbert \u2013 Fotolia.com<\/td>\n<td width=\"299\">\u00a9 zentilia \u2013 Fotolia.com<\/td>\n<\/tr>\n<tr>\n<td width=\"306\"><\/td>\n<td width=\"299\"><\/td>\n<\/tr>\n<\/tbody>\n<\/table>\n<p>Downloadbilder der Firma TeamViewer GmbH \u2013 teamviewer.com<br \/>\nAdobe Reader Downloadbild der Firma Adobe Systems GmbH \u2013 adobe.com<\/p>\n<p><strong>Haftungsbeschr\u00e4nkung:<\/strong><\/p>\n<p>Die Inhalte des Internetauftritts wurden mit gr\u00f6\u00dftm\u00f6glicher Sorgfalt und nach bestem Gewissen erstellt. Dennoch \u00fcbernimmt der Anbieter dieser Internetseite keine Gew\u00e4hr f\u00fcr die Aktualit\u00e4t, Vollst\u00e4ndigkeit und Richtigkeit der bereitgestellten Seiten und Inhalte.<\/p>\n<p>Als Diensteanbieter ist der Anbieter dieser Internetseite gem\u00e4\u00df \u00a7 7 Abs. 1 TMG f\u00fcr eigene Inhalte und bereitgestellte Informationen auf diesen Seiten nach den allgemeinen Gesetzen verantwortlich; nach den \u00a7\u00a7 8 bis 10 TMG jedoch nicht verpflichtet, die \u00fcbermittelten oder gespeicherten fremden Informationen zu \u00fcberwachen. Eine Entfernung oder Sperrung dieser Inhalte erfolgt umgehend ab dem Zeitpunkt der Kenntnis einer konkreten Rechtsverletzung. Eine Haftung ist erst ab dem Zeitpunkt der Kenntniserlangung m\u00f6glich.<\/p>\n<p>Haftungsanspr\u00fcche gegen den Anbieter, welche sich auf Sch\u00e4den materieller oder ideeller Art beziehen, die durch die Nutzung oder Nichtnutzung der dargebotenen Informationen bzw. durch die Nutzung fehlerhafter und unvollst\u00e4ndiger Informationen verursacht wurden sind grunds\u00e4tzlich ausgeschlossen, sofern seitens des Autors kein nachweislich vors\u00e4tzliches oder grob fahrl\u00e4ssiges Verschulden vorliegt. Alle Angebote sind freibleibend und unverbindlich. Der Anbieter beh\u00e4lt es sich ausdr\u00fccklich vor, Teile der Seiten oder das gesamte Angebot ohne gesonderte Ank\u00fcndigung zu ver\u00e4ndern, zu erg\u00e4nzen, zu l\u00f6schen oder die Ver\u00f6ffentlichung zeitweise oder endg\u00fcltig einzustellen.<\/p>\n<p><strong>Externe Links:<\/strong><\/p>\n<p>Die Internetseite enth\u00e4lt sog. \u201eexterne Links\u201c (Verlinkungen) zu anderen Webseiten, auf deren Inhalt der Anbieter der Internetseite keinen Einfluss hat. Aus diesem Grund kann der Anbieter f\u00fcr diese Inhalte auch keine Gew\u00e4hr \u00fcbernehmen. F\u00fcr die Inhalte und Richtigkeit der bereitgestellten Informationen ist der jeweilige Anbieter der verlinkten Internetseite verantwortlich. Zum Zeitpunkt der Verlinkung waren keine Rechtsverst\u00f6\u00dfe erkennbar. Bei Bekanntwerden einer solchen Rechtsverletzung wird der Link umgehend entfernt.<\/p>\n<p><strong>Urheberrecht \/ Leistungsschutzrecht:<\/strong><\/p>\n<p>Die auf dieser Internetseite ver\u00f6ffentlichten Inhalte, Werke und bereitgestellten Informationen unterliegen dem deutschen Urheberrecht und Leistungsschutzrecht. Jede Art der Vervielf\u00e4ltigung, Bearbeitung, Verbreitung, Einspeicherung und jede Art der Verwertung au\u00dferhalb der Grenzen des Urheberrechts bedarf der vorherigen schriftlichen Zustimmung des jeweiligen Rechteinhabers. Das unerlaubte Kopieren\/Speichern der bereitgestellten Informationen auf diesen Internetseiten ist nicht gestattet und strafbar.<\/p>\n<p><strong>Spamhinweis:<\/strong><\/p>\n<p>Unsere Kontaktdaten, welche wir auf unseren Internetseiten offenlegen, sind nicht zum Gebrauch f\u00fcr Werbungszusendungen und Informationszusendungen, Werbe- und Informationsanrufe,\u00a0 welche wir nicht ausdr\u00fccklich schriftlich angefordert haben, freigegeben. Wir widersprechen der Zusendung von Werbung und Informationen, welche wir nicht ausdr\u00fccklich vorher schriftlich angefordert haben. Sollten unsere Kontaktinformationen ohne vorherige schriftliche Zustimmung unsererseits zum Versand von Werbung oder Informationen genutzt werden, so behalten wir uns ausdr\u00fccklich rechtliche Schritte gegen den Versender vor.<\/p>\n<p><strong>Rechtswirksamkeit dieses Haftungsausschlusses:<\/strong><\/p>\n<p>Dieser Haftungsausschluss ist als Teil des Internetangebotes zu betrachten, von dem aus auf diese Seite verwiesen wurde. Sofern Teile oder einzelne Formulierungen dieses Textes der geltenden Rechtslage nicht, nicht mehr oder nicht vollst\u00e4ndig entsprechen sollten, bleiben die \u00fcbrigen Teile des Dokumentes in ihrem Inhalt und ihrer G\u00fcltigkeit davon unber\u00fchrt.<\/p>\n<p><strong>Stand: 12.12.2018<\/strong><\/p>\n","protected":false},"excerpt":{"rendered":"<p>. . Impressum (Angaben gem\u00e4\u00df \u00a7 5 TMG) alma Kontakt: Leufgensstr. 5 41066 M\u00f6nchengladbach Deutschland Telefon: +49 (0) 2161 67 83 66 \u2013 0 Telefax: +49 (0) 2161 67 83 66 \u2013 1 E-Mail: info@alma.de Internetseite: http:\/\/www.alma.de Inhaber: Mehmet Alma Online-Streitbeilegung: Online-Streitbeilegung gem\u00e4\u00df Art. 14 Abs. 1 ODR-VO: Die Europ\u00e4ische Kommission stellt eine Plattform zur [&hellip;]<\/p>\n","protected":false},"author":1,"featured_media":0,"parent":0,"menu_order":0,"comment_status":"closed","ping_status":"open","template":"","meta":{"footnotes":""},"class_list":["post-23","page","type-page","status-publish","hentry"],"_links":{"self":[{"href":"https:\/\/www.alma.de\/de\/wp-json\/wp\/v2\/pages\/23","targetHints":{"allow":["GET"]}}],"collection":[{"href":"https:\/\/www.alma.de\/de\/wp-json\/wp\/v2\/pages"}],"about":[{"href":"https:\/\/www.alma.de\/de\/wp-json\/wp\/v2\/types\/page"}],"author":[{"embeddable":true,"href":"https:\/\/www.alma.de\/de\/wp-json\/wp\/v2\/users\/1"}],"replies":[{"embeddable":true,"href":"https:\/\/www.alma.de\/de\/wp-json\/wp\/v2\/comments?post=23"}],"version-history":[{"count":3,"href":"https:\/\/www.alma.de\/de\/wp-json\/wp\/v2\/pages\/23\/revisions"}],"predecessor-version":[{"id":803,"href":"https:\/\/www.alma.de\/de\/wp-json\/wp\/v2\/pages\/23\/revisions\/803"}],"wp:attachment":[{"href":"https:\/\/www.alma.de\/de\/wp-json\/wp\/v2\/media?parent=23"}],"curies":[{"name":"wp","href":"https:\/\/api.w.org\/{rel}","templated":true}]}}