{"id":18,"date":"2014-06-20T18:57:23","date_gmt":"2014-06-20T16:57:23","guid":{"rendered":"http:\/\/www.alma.de\/de\/?page_id=18"},"modified":"2026-04-21T14:41:49","modified_gmt":"2026-04-21T12:41:49","slug":"startseite","status":"publish","type":"page","link":"https:\/\/www.alma.de\/de\/","title":{"rendered":"Startseite"},"content":{"rendered":"<p><span style=\"color: #000000;\">\n\t\t\t\t<p class=\"rs-p-wp-fix\"><\/p>\n\t\t\t\t<sr7-module data-alias=\"Startseite\" data-id=\"1\" id=\"SR7_1_1\" class=\"rs-ov-hidden\" data-version=\"6.7.54\">\n\t\t\t\t\t<sr7-adjuster><\/sr7-adjuster>\n\t\t\t\t\t<sr7-content>\n\t\t\t\t\t\t<sr7-carousel>\n\t\t\t\t\t\t<sr7-slide id=\"SR7_1_1-1\" data-key=\"1\">\n\t\t\t\t\t\t\t<sr7-bg id=\"SR7_1_1-1-11\" class=\"sr7-layer\"><noscript><img decoding=\"async\" src=\"https:\/\/www.alma.de\/de\/wp-content\/uploads\/sites\/2\/2014\/07\/alma_natural_cloud.jpg\" alt=\"\" title=\"alma_natural_cloud\"><\/noscript><\/sr7-bg>\n\t\t\t\t\t\t\t<sr7-txt id=\"SR7_1_1-1-0\" class=\"sr7-layer\">IT-Firmenbetreuung<\/sr7-txt>\n\t\t\t\t\t\t\t<sr7-txt id=\"SR7_1_1-1-1\" class=\"sr7-layer\">IT-L\u00f6sungen<\/sr7-txt>\n\t\t\t\t\t\t\t<sr7-txt id=\"SR7_1_1-1-2\" class=\"sr7-layer\">IT-Netzwerke<\/sr7-txt>\n\t\t\t\t\t\t\t<sr7-txt id=\"SR7_1_1-1-3\" class=\"sr7-layer\">IT-Administration<\/sr7-txt>\n\t\t\t\t\t\t\t<sr7-txt id=\"SR7_1_1-1-4\" class=\"sr7-layer\">IT-Support<\/sr7-txt>\n\t\t\t\t\t\t\t<sr7-txt id=\"SR7_1_1-1-5\" class=\"sr7-layer\">IT-Fernwartung<\/sr7-txt>\n\t\t\t\t\t\t\t<sr7-txt id=\"SR7_1_1-1-6\" class=\"sr7-layer\">IT-Virtualisierung<\/sr7-txt>\n\t\t\t\t\t\t\t<sr7-txt id=\"SR7_1_1-1-7\" class=\"sr7-layer\">IT-Projekte<\/sr7-txt>\n\t\t\t\t\t\t\t<sr7-txt id=\"SR7_1_1-1-8\" class=\"sr7-layer\">IT-Wartungsvertr\u00e4ge<\/sr7-txt>\n\t\t\t\t\t\t\t<sr7-txt id=\"SR7_1_1-1-9\" class=\"sr7-layer\">Internetpr\u00e4senzen<\/sr7-txt>\n\t\t\t\t\t\t\t<sr7-txt id=\"SR7_1_1-1-10\" class=\"sr7-layer\">Wir sind f\u00fcr Sie da!<\/sr7-txt>\n\t\t\t\t\t\t<\/sr7-slide>\n\t\t\t\t\t\t<sr7-slide id=\"SR7_1_1-2\" data-key=\"2\">\n\t\t\t\t\t\t\t<sr7-bg id=\"SR7_1_1-2-12\" class=\"sr7-layer\"><noscript><img decoding=\"async\" src=\"https:\/\/www.alma.de\/de\/wp-content\/uploads\/sites\/2\/2014\/07\/36398564_S.jpg\" alt=\"\" title=\"internet touchscreen\"><\/noscript><\/sr7-bg>\n\t\t\t\t\t\t\t<sr7-txt id=\"SR7_1_1-2-11\" class=\"sr7-layer\">Nicht nur online  - sondern auch sicher sein! <\/sr7-txt>\n\t\t\t\t\t\t<\/sr7-slide>\n\t\t\t\t\t\t<sr7-slide id=\"SR7_1_1-3\" data-key=\"3\">\n\t\t\t\t\t\t\t<sr7-bg id=\"SR7_1_1-3-14\" class=\"sr7-layer\"><noscript><img decoding=\"async\" src=\"https:\/\/www.alma.de\/de\/wp-content\/uploads\/sites\/2\/2014\/07\/42613560_S.jpg\" alt=\"\" title=\"42613560_S\"><\/noscript><\/sr7-bg>\n\t\t\t\t\t\t\t<sr7-txt id=\"SR7_1_1-3-12\" class=\"sr7-layer\">Projektmanagement<\/sr7-txt>\n\t\t\t\t\t\t\t<sr7-txt id=\"SR7_1_1-3-13\" class=\"sr7-layer\">Immer die richtigen Informationen<\/sr7-txt>\n\t\t\t\t\t\t<\/sr7-slide>\n\t\t\t\t\t\t<sr7-slide id=\"SR7_1_1-4\" data-key=\"4\">\n\t\t\t\t\t\t\t<sr7-bg id=\"SR7_1_1-4-18\" class=\"sr7-layer\"><noscript><img decoding=\"async\" src=\"https:\/\/www.alma.de\/de\/wp-content\/uploads\/sites\/2\/2014\/07\/46827039_S.jpg\" alt=\"\" title=\"serveur\"><\/noscript><\/sr7-bg>\n\t\t\t\t\t\t\t<sr7-txt id=\"SR7_1_1-4-14\" class=\"sr7-layer\">VIELE M\u00d6GLICHKEITEN<\/sr7-txt>\n\t\t\t\t\t\t\t<sr7-txt id=\"SR7_1_1-4-15\" class=\"sr7-layer\">VIELE PROJEKTE<\/sr7-txt>\n\t\t\t\t\t\t\t<sr7-txt id=\"SR7_1_1-4-16\" class=\"sr7-layer\">EIN PARTNER<\/sr7-txt>\n\t\t\t\t\t\t\t<sr7-txt id=\"SR7_1_1-4-17\" class=\"sr7-layer\">alma<\/sr7-txt>\n\t\t\t\t\t\t<\/sr7-slide>\n\t\t\t\t\t\t<sr7-slide id=\"SR7_1_1-30\" data-key=\"30\">\n\t\t\t\t\t\t<\/sr7-slide>\n\t\t\t\t\t\t<\/sr7-carousel>\n\t\t\t\t\t<\/sr7-content>\n\t\t\t\t\t<image_lists style=\"display:none\">\n\t\t\t\t\t\t<img data-src=\"\/\/www.alma.de\/de\/wp-content\/uploads\/sites\/2\/2014\/07\/alma_natural_cloud.jpg\" width=\"0\" height=\"0\" data-dbsrc=\"Ly93d3cuYWxtYS5kZS9kZS93cC1jb250ZW50L3VwbG9hZHMvc2l0ZXMvMi8yMDE0LzA3L2FsbWFfbmF0dXJhbF9jbG91ZC5qcGc=\"\/>\n\t\t\t\t\t\t<img data-src=\"\/\/www.alma.de\/de\/wp-content\/uploads\/sites\/2\/2014\/07\/36398564_S.jpg\" width=\"0\" height=\"0\" data-dbsrc=\"Ly93d3cuYWxtYS5kZS9kZS93cC1jb250ZW50L3VwbG9hZHMvc2l0ZXMvMi8yMDE0LzA3LzM2Mzk4NTY0X1MuanBn\"\/>\n\t\t\t\t\t\t<img data-src=\"\/\/www.alma.de\/de\/wp-content\/uploads\/sites\/2\/2014\/07\/42613560_S.jpg\" width=\"0\" height=\"0\" data-dbsrc=\"Ly93d3cuYWxtYS5kZS9kZS93cC1jb250ZW50L3VwbG9hZHMvc2l0ZXMvMi8yMDE0LzA3LzQyNjEzNTYwX1MuanBn\"\/>\n\t\t\t\t\t\t<img data-src=\"\/\/www.alma.de\/de\/wp-content\/uploads\/sites\/2\/2014\/07\/46827039_S.jpg\" width=\"0\" height=\"0\" data-dbsrc=\"Ly93d3cuYWxtYS5kZS9kZS93cC1jb250ZW50L3VwbG9hZHMvc2l0ZXMvMi8yMDE0LzA3LzQ2ODI3MDM5X1MuanBn\"\/>\n\t\t\t\t\t<\/image_lists>\n\t\t\t\t<\/sr7-module>\n\t\t\t\t<script>\n\t\t\t\t\twindow.SR7 ??={};SR7.PMH ??={}; SR7.PMH[\"SR7_1_1\"] = {cn:100,state:false,fn: function() { if (window._tpt!==undefined && window._tpt.prepareModuleHeight !== undefined) {  _tpt.prepareModuleHeight({id:\"SR7_1_1\",el:[500,500,768,960,720],type:'carousel',shdw:'0',gh:[500,500,500,380,234],gw:[1024,1024,1024,778,480],vpt:['-100px'],size:{fullWidth:false, fullHeight:false},mh:'0',onh:0,onw:0,bg:{color:'{\"type\":\"solid\",\"orig\":\"#E9E9E9\",\"string\":\"rgba(233, 233, 233, 1)\"}'},carousel:{pt:'0',pb:'0'},plType:'0',plColor:'#FFFFFF'});   SR7.PMH[\"SR7_1_1\"].state=true;} else if(SR7.PMH[\"SR7_1_1\"].cn-->0)\tsetTimeout( SR7.PMH[\"SR7_1_1\"].fn,19);}};SR7.PMH[\"SR7_1_1\" ].fn();\n\t\t\t\t<\/script>\n<\/span><\/p>\n<p><span style=\"color: #ffffff;\">.<\/span><\/p>\n<p><span style=\"color: #ffffff;\">.<\/span><\/p>\n<h1>Herzlich willkommen auf unseren Internetseiten<\/h1>\n<style>\na {<br \/>\n    text-decoration: none;<br \/>\n    color: #464feb;<br \/>\n}<br \/>\ntr th, tr td {<br \/>\n    border: 1px solid #e6e6e6;<br \/>\n}<br \/>\ntr th {<br \/>\n    background-color: #f5f5f5;<br \/>\n}<br \/>\n<\/style>\n<div>\n<p>alma begleitet Sie mit modernem Projektmanagement in IT-gest\u00fctzten Bereichen. Dank unserer individuellen Services haben Sie die M\u00f6glichkeit, s\u00e4mtliche Leistungen aus einer Hand zu beziehen. So tauschen Sie Informationen effizient, geb\u00fcndelt und gezielt \u00fcber nur einen zentralen Ansprechpartner aus. Das spart wertvolle Zeit und schont kostbare Ressourcen.<\/p>\n<p>In einem pers\u00f6nlichen Gespr\u00e4ch definieren wir gemeinsam mit Ihnen die Projektziele sowie die relevanten Meilensteine. Gerade in herausfordernden Szenarien sind wir besonders erfahren und entwickeln f\u00fcr Sie passgenaue L\u00f6sungen \u2013 damit Sie und Ihr Gesch\u00e4ftsbetrieb jederzeit handlungsf\u00e4hig bleiben.<\/p>\n<\/div>\n<h2 style=\"text-align: center;\"><strong>alma f\u00fchrt Ihre Projekte erfolgreich und sicher zum geplanten Ziel!<\/strong><\/h2>\n","protected":false},"excerpt":{"rendered":"<p>. . Herzlich willkommen auf unseren Internetseiten alma begleitet Sie mit modernem Projektmanagement in IT-gest\u00fctzten Bereichen. Dank unserer individuellen Services haben Sie die M\u00f6glichkeit, s\u00e4mtliche Leistungen aus einer Hand zu beziehen. So tauschen Sie Informationen effizient, geb\u00fcndelt und gezielt \u00fcber nur einen zentralen Ansprechpartner aus. Das spart wertvolle Zeit und schont kostbare Ressourcen. In einem [&hellip;]<\/p>\n","protected":false},"author":1,"featured_media":0,"parent":0,"menu_order":0,"comment_status":"closed","ping_status":"open","template":"","meta":{"footnotes":""},"class_list":["post-18","page","type-page","status-publish","hentry"],"_links":{"self":[{"href":"https:\/\/www.alma.de\/de\/wp-json\/wp\/v2\/pages\/18","targetHints":{"allow":["GET"]}}],"collection":[{"href":"https:\/\/www.alma.de\/de\/wp-json\/wp\/v2\/pages"}],"about":[{"href":"https:\/\/www.alma.de\/de\/wp-json\/wp\/v2\/types\/page"}],"author":[{"embeddable":true,"href":"https:\/\/www.alma.de\/de\/wp-json\/wp\/v2\/users\/1"}],"replies":[{"embeddable":true,"href":"https:\/\/www.alma.de\/de\/wp-json\/wp\/v2\/comments?post=18"}],"version-history":[{"count":3,"href":"https:\/\/www.alma.de\/de\/wp-json\/wp\/v2\/pages\/18\/revisions"}],"predecessor-version":[{"id":805,"href":"https:\/\/www.alma.de\/de\/wp-json\/wp\/v2\/pages\/18\/revisions\/805"}],"wp:attachment":[{"href":"https:\/\/www.alma.de\/de\/wp-json\/wp\/v2\/media?parent=18"}],"curies":[{"name":"wp","href":"https:\/\/api.w.org\/{rel}","templated":true}]}}